{"id":443,"date":"2024-01-01T09:04:40","date_gmt":"2024-01-01T08:04:40","guid":{"rendered":"https:\/\/www.thomaskoeck.at\/wptest\/?page_id=443"},"modified":"2024-01-27T11:44:52","modified_gmt":"2024-01-27T10:44:52","slug":"die-west-und-suedsteiermark","status":"publish","type":"page","link":"https:\/\/www.greim15.at\/g15-2024a\/die-west-und-suedsteiermark\/","title":{"rendered":"Die West- und S\u00fcdsteiermark"},"content":{"rendered":"<p><div class=\"fusion-fullwidth fullwidth-box fusion-builder-row-1 fusion-flex-container has-pattern-background has-mask-background nonhundred-percent-fullwidth non-hundred-percent-height-scrolling\" style=\"--awb-border-radius-top-left:0px;--awb-border-radius-top-right:0px;--awb-border-radius-bottom-right:0px;--awb-border-radius-bottom-left:0px;--awb-flex-wrap:wrap;\" ><div class=\"fusion-builder-row fusion-row fusion-flex-align-items-flex-start fusion-flex-content-wrap\" style=\"max-width:1248px;margin-left: calc(-4% \/ 2 );margin-right: calc(-4% \/ 2 );\"><div class=\"fusion-layout-column fusion_builder_column fusion-builder-column-0 fusion_builder_column_1_1 1_1 fusion-flex-column\" style=\"--awb-bg-size:cover;--awb-width-large:100%;--awb-margin-top-large:0px;--awb-spacing-right-large:1.92%;--awb-margin-bottom-large:0px;--awb-spacing-left-large:1.92%;--awb-width-medium:100%;--awb-order-medium:0;--awb-spacing-right-medium:1.92%;--awb-spacing-left-medium:1.92%;--awb-width-small:100%;--awb-order-small:0;--awb-spacing-right-small:1.92%;--awb-spacing-left-small:1.92%;\"><div class=\"fusion-column-wrapper fusion-column-has-shadow fusion-flex-justify-content-flex-start fusion-content-layout-column\">\n<div class=\"fusion-slider-revolution rev_slider_wrapper\">\t\t\t<!-- START SliderWestSuedstmp REVOLUTION SLIDER 6.6.20 --><p class=\"rs-p-wp-fix\"><\/p>\n\t\t\t<rs-module-wrap id=\"rev_slider_11_1_wrapper\" data-source=\"gallery\" style=\"visibility:hidden;background:transparent;padding:0;margin:0px auto;margin-top:0;margin-bottom:0;\">\n\t\t\t\t<rs-module id=\"rev_slider_11_1\" style=\"\" data-version=\"6.6.20\">\n\t\t\t\t\t<rs-slides style=\"overflow: hidden; position: absolute;\">\n\t\t\t\t\t\t<rs-slide style=\"position: absolute;\" data-key=\"rs-22\" data-title=\"Slide\" data-anim=\"ms:260;\" data-in=\"o:0;\" data-out=\"a:false;\">\n\t\t\t\t\t\t\t<img decoding=\"async\" src=\"\/\/www.greim15.at\/g15-2024a\/wp-content\/plugins\/revslider\/public\/assets\/assets\/dummy.png\" alt=\"\" title=\"Styrian,Tuscany,Vineyard,In,Autumn,Near,Eckberg,,Gamliz,,Styria,,Austria.\" width=\"2560\" height=\"1410\" class=\"rev-slidebg tp-rs-img rs-lazyload\" data-lazyload=\"\/\/www.greim15.at\/g15-2024a\/wp-content\/uploads\/shutterstock_1826320721-scaled.jpg\" data-panzoom=\"d:10000;ss:100;se:110%;\" data-no-retina>\n<!--\n\t\t\t\t\t\t\t--><rs-layer\n\t\t\t\t\t\t\t\tid=\"slider-11-slide-22-layer-2\" \n\t\t\t\t\t\t\t\tdata-type=\"text\"\n\t\t\t\t\t\t\t\tdata-color=\"#f2ebdd\"\n\t\t\t\t\t\t\t\tdata-tsh=\"h:5px;v:5px;b:5px;\"\n\t\t\t\t\t\t\t\tdata-rsp_ch=\"on\"\n\t\t\t\t\t\t\t\tdata-xy=\"x:c;y:c;yo:113px;\"\n\t\t\t\t\t\t\t\tdata-text=\"w:normal;s:40;l:50;fw:900;\"\n\t\t\t\t\t\t\t\tdata-dim=\"minh:0px;\"\n\t\t\t\t\t\t\t\tdata-margin=\"t:20;r:20;b:20;l:20;\"\n\t\t\t\t\t\t\t\tdata-padding=\"t:20;r:20;b:20;l:20;\"\n\t\t\t\t\t\t\t\tdata-frame_999=\"o:0;st:w;\"\n\t\t\t\t\t\t\t\tstyle=\"z-index:6;background-color:#916e55;font-family:'Roboto';text-transform:uppercase;\"\n\t\t\t\t\t\t\t>Die West- und S\u00fcdsteiermark \n\t\t\t\t\t\t\t<\/rs-layer><!--\n-->\t\t\t\t\t\t<\/rs-slide>\n\t\t\t\t\t<\/rs-slides>\n\t\t\t\t<\/rs-module>\n\t\t\t\t<script>\n\t\t\t\t\tsetREVStartSize({c: 'rev_slider_11_1',rl:[1240,1024,778,480],el:[400],gw:[1240],gh:[400],type:'standard',justify:'',layout:'fullwidth',mh:\"0\"});if (window.RS_MODULES!==undefined && window.RS_MODULES.modules!==undefined && window.RS_MODULES.modules[\"revslider111\"]!==undefined) {window.RS_MODULES.modules[\"revslider111\"].once = false;window.revapi11 = undefined;if (window.RS_MODULES.checkMinimal!==undefined) window.RS_MODULES.checkMinimal()}\n\t\t\t\t<\/script>\n\t\t\t<\/rs-module-wrap>\n\t\t\t<!-- END REVOLUTION SLIDER -->\n<\/div><script>\n\nwindow.onload = function() {loadedFunction()};\nwindow.onscroll = function() {loadedFunction()};\n\nfunction loadedFunction() {\n  document.getElementById(\"h-start\").style.translate = \"0px -800px\";\n  document.getElementById(\"h-standard\").style.translate = \"0 0\";\n\n}\n\n<\/script><\/div><\/div><\/div><\/div><div class=\"fusion-fullwidth fullwidth-box fusion-builder-row-2 fusion-flex-container has-pattern-background has-mask-background nonhundred-percent-fullwidth non-hundred-percent-height-scrolling\" style=\"--awb-border-radius-top-left:0px;--awb-border-radius-top-right:0px;--awb-border-radius-bottom-right:0px;--awb-border-radius-bottom-left:0px;--awb-background-color:var(--awb-color3);--awb-flex-wrap:wrap;\" ><div class=\"fusion-builder-row fusion-row fusion-flex-align-items-center fusion-flex-content-wrap\" style=\"max-width:1248px;margin-left: calc(-4% \/ 2 );margin-right: calc(-4% \/ 2 );\"><div class=\"fusion-layout-column fusion_builder_column fusion-builder-column-1 fusion_builder_column_1_2 1_2 fusion-flex-column\" style=\"--awb-bg-size:cover;--awb-width-large:50%;--awb-margin-top-large:20px;--awb-spacing-right-large:3.84%;--awb-margin-bottom-large:20px;--awb-spacing-left-large:3.84%;--awb-width-medium:50%;--awb-order-medium:0;--awb-spacing-right-medium:3.84%;--awb-spacing-left-medium:3.84%;--awb-width-small:100%;--awb-order-small:0;--awb-spacing-right-small:1.92%;--awb-spacing-left-small:1.92%;\"><div class=\"fusion-column-wrapper fusion-column-has-shadow fusion-flex-justify-content-flex-start fusion-content-layout-column\"><div class=\"fusion-image-element \" style=\"--awb-caption-title-font-family:var(--h2_typography-font-family);--awb-caption-title-font-weight:var(--h2_typography-font-weight);--awb-caption-title-font-style:var(--h2_typography-font-style);--awb-caption-title-size:var(--h2_typography-font-size);--awb-caption-title-transform:var(--h2_typography-text-transform);--awb-caption-title-line-height:var(--h2_typography-line-height);--awb-caption-title-letter-spacing:var(--h2_typography-letter-spacing);\"><span class=\" fusion-imageframe imageframe-none imageframe-1 hover-type-none fusion-animated\" data-animationType=\"slideInUp\" data-animationDuration=\"0.3\" data-animationDelay=\"0.2\" data-animationOffset=\"top-into-view\"><img decoding=\"async\" width=\"2560\" height=\"1707\" title=\"Brettljause,With,Cold,Cuts,,Beans,Salad,And,Bread,On,Wooden\" src=\"https:\/\/www.greim15.at\/g15-2024a\/wp-content\/uploads\/shutterstock_1120835990-scaled.jpg\" alt class=\"img-responsive wp-image-448\" srcset=\"https:\/\/www.greim15.at\/g15-2024a\/wp-content\/uploads\/shutterstock_1120835990-200x133.jpg 200w, https:\/\/www.greim15.at\/g15-2024a\/wp-content\/uploads\/shutterstock_1120835990-400x267.jpg 400w, https:\/\/www.greim15.at\/g15-2024a\/wp-content\/uploads\/shutterstock_1120835990-600x400.jpg 600w, https:\/\/www.greim15.at\/g15-2024a\/wp-content\/uploads\/shutterstock_1120835990-800x533.jpg 800w, https:\/\/www.greim15.at\/g15-2024a\/wp-content\/uploads\/shutterstock_1120835990-1200x800.jpg 1200w, https:\/\/www.greim15.at\/g15-2024a\/wp-content\/uploads\/shutterstock_1120835990-scaled.jpg 2560w\" sizes=\"(max-width: 640px) 100vw, 600px\" \/><\/span><\/div><\/div><\/div><div class=\"fusion-layout-column fusion_builder_column fusion-builder-column-2 fusion_builder_column_1_2 1_2 fusion-flex-column\" style=\"--awb-bg-size:cover;--awb-width-large:50%;--awb-margin-top-large:0px;--awb-spacing-right-large:3.84%;--awb-margin-bottom-large:20px;--awb-spacing-left-large:3.84%;--awb-width-medium:50%;--awb-order-medium:0;--awb-spacing-right-medium:3.84%;--awb-spacing-left-medium:3.84%;--awb-width-small:100%;--awb-order-small:0;--awb-spacing-right-small:1.92%;--awb-spacing-left-small:1.92%;\"><div class=\"fusion-column-wrapper fusion-column-has-shadow fusion-flex-justify-content-flex-start fusion-content-layout-column\"><div class=\"fusion-text fusion-text-1\" style=\"--awb-margin-top:20px;\"><p>Die West- und S\u00fcdsteiermark sind sehr stark vom Weinbau gepr\u00e4gt. Greim 15 liegt inmitten der Weststeirischen Schilcher Gegend, die durch ihre h\u00fcgelige Landschaft besticht. Zahlreiche Buschenschanken und lokale Weinbaubetriebe befinden sich in unmittelbarer Umgebung. Haben Sie Lust auf ein k\u00fchles Achterl, eine Brettljause, einen Rindfleischsalat mit K\u00fcrbiskern\u00f6l und K\u00e4ferbohnen? Hier treffen sich Genuss und der Blick auf die traumhaft sch\u00f6ne H\u00fcgellandschaft.<\/p>\n<\/div><\/div><\/div><div class=\"fusion-layout-column fusion_builder_column fusion-builder-column-3 fusion_builder_column_1_2 1_2 fusion-flex-column fusion-flex-align-self-center\" style=\"--awb-bg-size:cover;--awb-width-large:50%;--awb-margin-top-large:20px;--awb-spacing-right-large:3.84%;--awb-margin-bottom-large:20px;--awb-spacing-left-large:3.84%;--awb-width-medium:50%;--awb-order-medium:0;--awb-spacing-right-medium:3.84%;--awb-spacing-left-medium:3.84%;--awb-width-small:100%;--awb-order-small:0;--awb-spacing-right-small:1.92%;--awb-spacing-left-small:1.92%;\"><div class=\"fusion-column-wrapper fusion-column-has-shadow fusion-flex-justify-content-center fusion-content-layout-column\"><div class=\"fusion-text fusion-text-2\" style=\"--awb-margin-top:20px;\"><p>Etwas weiter im S\u00fcden erreicht man nach ca. 30 Minuten Fahrt die S\u00fcdsteirische Weingegend rund um Gamlitz oder das Sausal, welche auch als die \u201eSteirische Toskana\u201c bekannt ist. Wenn man diese Landschaft bereist, f\u00fchlt man sich tats\u00e4chlich an die Toskana erinnert. Im Gegensatz zum Bad Gamser Schilcher dominiert hier der Anbau von Wei\u00dfwein und viele bekannte Winzer haben hier ihre Weinberge.<\/p>\n<\/div><\/div><\/div><div class=\"fusion-layout-column fusion_builder_column fusion-builder-column-4 fusion_builder_column_1_2 1_2 fusion-flex-column\" style=\"--awb-bg-size:cover;--awb-width-large:50%;--awb-margin-top-large:0px;--awb-spacing-right-large:3.84%;--awb-margin-bottom-large:20px;--awb-spacing-left-large:3.84%;--awb-width-medium:50%;--awb-order-medium:0;--awb-spacing-right-medium:3.84%;--awb-spacing-left-medium:3.84%;--awb-width-small:100%;--awb-order-small:0;--awb-spacing-right-small:1.92%;--awb-spacing-left-small:1.92%;\"><div class=\"fusion-column-wrapper fusion-column-has-shadow fusion-flex-justify-content-flex-start fusion-content-layout-column\"><div class=\"fusion-image-element \" style=\"--awb-caption-title-font-family:var(--h2_typography-font-family);--awb-caption-title-font-weight:var(--h2_typography-font-weight);--awb-caption-title-font-style:var(--h2_typography-font-style);--awb-caption-title-size:var(--h2_typography-font-size);--awb-caption-title-transform:var(--h2_typography-text-transform);--awb-caption-title-line-height:var(--h2_typography-line-height);--awb-caption-title-letter-spacing:var(--h2_typography-letter-spacing);\"><span class=\" fusion-imageframe imageframe-none imageframe-2 hover-type-none fusion-animated\" data-animationType=\"slideInUp\" data-animationDuration=\"0.3\" data-animationDelay=\"0.2\" data-animationOffset=\"top-into-view\"><img decoding=\"async\" width=\"2560\" height=\"1410\" title=\"Styrian,Tuscany,Vineyard,In,Autumn,Near,Eckberg,,Gamliz,,Styria,,Austria.\" src=\"https:\/\/www.greim15.at\/g15-2024a\/wp-content\/uploads\/shutterstock_1826320721-scaled.jpg\" alt class=\"img-responsive wp-image-451\" srcset=\"https:\/\/www.greim15.at\/g15-2024a\/wp-content\/uploads\/shutterstock_1826320721-200x110.jpg 200w, https:\/\/www.greim15.at\/g15-2024a\/wp-content\/uploads\/shutterstock_1826320721-400x220.jpg 400w, https:\/\/www.greim15.at\/g15-2024a\/wp-content\/uploads\/shutterstock_1826320721-600x331.jpg 600w, https:\/\/www.greim15.at\/g15-2024a\/wp-content\/uploads\/shutterstock_1826320721-800x441.jpg 800w, https:\/\/www.greim15.at\/g15-2024a\/wp-content\/uploads\/shutterstock_1826320721-1200x661.jpg 1200w, https:\/\/www.greim15.at\/g15-2024a\/wp-content\/uploads\/shutterstock_1826320721-scaled.jpg 2560w\" sizes=\"(max-width: 640px) 100vw, 600px\" \/><\/span><\/div><\/div><\/div><div class=\"fusion-layout-column fusion_builder_column fusion-builder-column-5 fusion_builder_column_1_2 1_2 fusion-flex-column\" style=\"--awb-bg-size:cover;--awb-width-large:50%;--awb-margin-top-large:0px;--awb-spacing-right-large:3.84%;--awb-margin-bottom-large:20px;--awb-spacing-left-large:3.84%;--awb-width-medium:50%;--awb-order-medium:0;--awb-spacing-right-medium:3.84%;--awb-spacing-left-medium:3.84%;--awb-width-small:100%;--awb-order-small:0;--awb-spacing-right-small:1.92%;--awb-spacing-left-small:1.92%;\"><div class=\"fusion-column-wrapper fusion-column-has-shadow fusion-flex-justify-content-flex-start fusion-content-layout-column\"><div class=\"fusion-image-element \" style=\"--awb-caption-title-font-family:var(--h2_typography-font-family);--awb-caption-title-font-weight:var(--h2_typography-font-weight);--awb-caption-title-font-style:var(--h2_typography-font-style);--awb-caption-title-size:var(--h2_typography-font-size);--awb-caption-title-transform:var(--h2_typography-text-transform);--awb-caption-title-line-height:var(--h2_typography-line-height);--awb-caption-title-letter-spacing:var(--h2_typography-letter-spacing);\"><span class=\" fusion-imageframe imageframe-none imageframe-3 hover-type-none fusion-animated\" data-animationType=\"slideInUp\" data-animationDuration=\"0.3\" data-animationDelay=\"0.2\" data-animationOffset=\"top-into-view\"><img decoding=\"async\" width=\"2560\" height=\"1696\" title=\"Cityscape,Of,Graz,And,The,Famous,Clock,Tower,(grazer,Uhrturm)\" src=\"https:\/\/www.greim15.at\/g15-2024a\/wp-content\/uploads\/shutterstock_1589906296-scaled.jpg\" alt class=\"img-responsive wp-image-450\" srcset=\"https:\/\/www.greim15.at\/g15-2024a\/wp-content\/uploads\/shutterstock_1589906296-200x132.jpg 200w, https:\/\/www.greim15.at\/g15-2024a\/wp-content\/uploads\/shutterstock_1589906296-400x265.jpg 400w, https:\/\/www.greim15.at\/g15-2024a\/wp-content\/uploads\/shutterstock_1589906296-600x397.jpg 600w, https:\/\/www.greim15.at\/g15-2024a\/wp-content\/uploads\/shutterstock_1589906296-800x530.jpg 800w, https:\/\/www.greim15.at\/g15-2024a\/wp-content\/uploads\/shutterstock_1589906296-1200x795.jpg 1200w, https:\/\/www.greim15.at\/g15-2024a\/wp-content\/uploads\/shutterstock_1589906296-scaled.jpg 2560w\" sizes=\"(max-width: 640px) 100vw, 600px\" \/><\/span><\/div><\/div><\/div><div class=\"fusion-layout-column fusion_builder_column fusion-builder-column-6 fusion_builder_column_1_2 1_2 fusion-flex-column\" style=\"--awb-bg-size:cover;--awb-width-large:50%;--awb-margin-top-large:0px;--awb-spacing-right-large:3.84%;--awb-margin-bottom-large:20px;--awb-spacing-left-large:3.84%;--awb-width-medium:50%;--awb-order-medium:0;--awb-spacing-right-medium:3.84%;--awb-spacing-left-medium:3.84%;--awb-width-small:100%;--awb-order-small:0;--awb-spacing-right-small:1.92%;--awb-spacing-left-small:1.92%;\"><div class=\"fusion-column-wrapper fusion-column-has-shadow fusion-flex-justify-content-flex-start fusion-content-layout-column\"><div class=\"fusion-text fusion-text-3\" style=\"--awb-margin-top:20px;\"><p>Sollten Sie einmal das Stadtleben genie\u00dfen wollen, so erreicht man in einer halben Stunde die steirische Landeshauptstadt Graz mit ihren zahlreichen Sehensw\u00fcrdigkeiten wie den Schlossberg, das Kunsthaus, das historische Zeughaus, Schloss Eggenberg oder die Basilika Mariatrost. Wenn Sie die Gem\u00fctlichkeit bevorzugen, bummeln Sie einfach durch die belebte Fu\u00dfg\u00e4ngerzone, wo man in den zahlreichen Lokalen die eine oder andere steirische Spezialit\u00e4t probieren kann.<\/p>\n<\/div><\/div><\/div><div class=\"fusion-layout-column fusion_builder_column fusion-builder-column-7 fusion_builder_column_1_2 1_2 fusion-flex-column fusion-flex-align-self-center\" style=\"--awb-bg-size:cover;--awb-width-large:50%;--awb-margin-top-large:0px;--awb-spacing-right-large:3.84%;--awb-margin-bottom-large:20px;--awb-spacing-left-large:3.84%;--awb-width-medium:50%;--awb-order-medium:0;--awb-spacing-right-medium:3.84%;--awb-spacing-left-medium:3.84%;--awb-width-small:100%;--awb-order-small:0;--awb-spacing-right-small:1.92%;--awb-spacing-left-small:1.92%;\"><div class=\"fusion-column-wrapper fusion-column-has-shadow fusion-flex-justify-content-flex-start fusion-content-layout-column\"><div class=\"fusion-text fusion-text-4\" style=\"--awb-margin-top:20px;\"><p>Auch die Kultur hat ihren Stellenwert in der Weststeiermark. Das ganze Jahr \u00fcber finden in der Schlosskirche Stainz, in Deutschlandsberg oder der Oper in Graz Konzerte statt.<\/p>\n<p>Der \u201eSteirische Herbst\u201c, ein internationales Festival f\u00fcr zeitgen\u00f6ssische Kunst, das Festival des \u00f6sterreichischen Films \u201eDiagonale\u201c oder \u201eLa Strada\u201c, ein internationales Festival f\u00fcr Stra\u00dfen- und Figurentheater locken jedes Jahr eine gro\u00dfe Besucherschar an.<\/p>\n<\/div><\/div><\/div><div class=\"fusion-layout-column fusion_builder_column fusion-builder-column-8 fusion_builder_column_1_2 1_2 fusion-flex-column\" style=\"--awb-bg-size:cover;--awb-width-large:50%;--awb-margin-top-large:0px;--awb-spacing-right-large:3.84%;--awb-margin-bottom-large:20px;--awb-spacing-left-large:3.84%;--awb-width-medium:50%;--awb-order-medium:0;--awb-spacing-right-medium:3.84%;--awb-spacing-left-medium:3.84%;--awb-width-small:100%;--awb-order-small:0;--awb-spacing-right-small:1.92%;--awb-spacing-left-small:1.92%;\"><div class=\"fusion-column-wrapper fusion-column-has-shadow fusion-flex-justify-content-flex-start fusion-content-layout-column\"><div class=\"fusion-image-element \" style=\"--awb-caption-title-font-family:var(--h2_typography-font-family);--awb-caption-title-font-weight:var(--h2_typography-font-weight);--awb-caption-title-font-style:var(--h2_typography-font-style);--awb-caption-title-size:var(--h2_typography-font-size);--awb-caption-title-transform:var(--h2_typography-text-transform);--awb-caption-title-line-height:var(--h2_typography-line-height);--awb-caption-title-letter-spacing:var(--h2_typography-letter-spacing);\"><span class=\" fusion-imageframe imageframe-none imageframe-4 hover-type-none fusion-animated\" data-animationType=\"slideInUp\" data-animationDuration=\"0.3\" data-animationDelay=\"0.2\" data-animationOffset=\"top-into-view\"><img decoding=\"async\" width=\"2560\" height=\"1572\" title=\"Graz\/austria-november,14,,2019:,Kunsthaus,Graz,,The,Ultra-modern,Art,Museum,For\" src=\"https:\/\/www.greim15.at\/g15-2024a\/wp-content\/uploads\/shutterstock_1582775773-scaled.jpg\" alt class=\"img-responsive wp-image-449\" srcset=\"https:\/\/www.greim15.at\/g15-2024a\/wp-content\/uploads\/shutterstock_1582775773-200x123.jpg 200w, https:\/\/www.greim15.at\/g15-2024a\/wp-content\/uploads\/shutterstock_1582775773-400x246.jpg 400w, https:\/\/www.greim15.at\/g15-2024a\/wp-content\/uploads\/shutterstock_1582775773-600x368.jpg 600w, https:\/\/www.greim15.at\/g15-2024a\/wp-content\/uploads\/shutterstock_1582775773-800x491.jpg 800w, https:\/\/www.greim15.at\/g15-2024a\/wp-content\/uploads\/shutterstock_1582775773-1200x737.jpg 1200w, https:\/\/www.greim15.at\/g15-2024a\/wp-content\/uploads\/shutterstock_1582775773-scaled.jpg 2560w\" sizes=\"(max-width: 640px) 100vw, 600px\" \/><\/span><\/div><\/div><\/div><div class=\"fusion-layout-column fusion_builder_column fusion-builder-column-9 fusion_builder_column_1_2 1_2 fusion-flex-column\" style=\"--awb-bg-size:cover;--awb-width-large:50%;--awb-margin-top-large:0px;--awb-spacing-right-large:3.84%;--awb-margin-bottom-large:20px;--awb-spacing-left-large:3.84%;--awb-width-medium:50%;--awb-order-medium:0;--awb-spacing-right-medium:3.84%;--awb-spacing-left-medium:3.84%;--awb-width-small:100%;--awb-order-small:0;--awb-spacing-right-small:1.92%;--awb-spacing-left-small:1.92%;\"><div class=\"fusion-column-wrapper fusion-column-has-shadow fusion-flex-justify-content-flex-start fusion-content-layout-column\"><div class=\"fusion-image-element \" style=\"--awb-caption-title-font-family:var(--h2_typography-font-family);--awb-caption-title-font-weight:var(--h2_typography-font-weight);--awb-caption-title-font-style:var(--h2_typography-font-style);--awb-caption-title-size:var(--h2_typography-font-size);--awb-caption-title-transform:var(--h2_typography-text-transform);--awb-caption-title-line-height:var(--h2_typography-line-height);--awb-caption-title-letter-spacing:var(--h2_typography-letter-spacing);\"><span class=\" fusion-imageframe imageframe-none imageframe-5 hover-type-none fusion-animated\" data-animationType=\"slideInUp\" data-animationDuration=\"0.3\" data-animationDelay=\"0.2\" data-animationOffset=\"top-into-view\"><img decoding=\"async\" width=\"2560\" height=\"1707\" title=\"Group,Of,Hikers,Walking,In,Mountains.,Edges,Of,The,Image\" src=\"https:\/\/www.greim15.at\/g15-2024a\/wp-content\/uploads\/shutterstock_208356901-scaled.jpg\" alt class=\"img-responsive wp-image-445\" srcset=\"https:\/\/www.greim15.at\/g15-2024a\/wp-content\/uploads\/shutterstock_208356901-200x133.jpg 200w, https:\/\/www.greim15.at\/g15-2024a\/wp-content\/uploads\/shutterstock_208356901-400x267.jpg 400w, https:\/\/www.greim15.at\/g15-2024a\/wp-content\/uploads\/shutterstock_208356901-600x400.jpg 600w, https:\/\/www.greim15.at\/g15-2024a\/wp-content\/uploads\/shutterstock_208356901-800x533.jpg 800w, https:\/\/www.greim15.at\/g15-2024a\/wp-content\/uploads\/shutterstock_208356901-1200x800.jpg 1200w, https:\/\/www.greim15.at\/g15-2024a\/wp-content\/uploads\/shutterstock_208356901-scaled.jpg 2560w\" sizes=\"(max-width: 640px) 100vw, 600px\" \/><\/span><\/div><\/div><\/div><div class=\"fusion-layout-column fusion_builder_column fusion-builder-column-10 fusion_builder_column_1_2 1_2 fusion-flex-column\" style=\"--awb-bg-size:cover;--awb-width-large:50%;--awb-margin-top-large:0px;--awb-spacing-right-large:3.84%;--awb-margin-bottom-large:20px;--awb-spacing-left-large:3.84%;--awb-width-medium:50%;--awb-order-medium:0;--awb-spacing-right-medium:3.84%;--awb-spacing-left-medium:3.84%;--awb-width-small:100%;--awb-order-small:0;--awb-spacing-right-small:1.92%;--awb-spacing-left-small:1.92%;\"><div class=\"fusion-column-wrapper fusion-column-has-shadow fusion-flex-justify-content-flex-start fusion-content-layout-column\"><div class=\"fusion-text fusion-text-5\" style=\"--awb-margin-top:20px;\"><p>Und wenn Sie es sportlich wollen, l\u00e4dt neben Schwimmen und Wellness im eigenen Ferienhaus die malerische Landschaft zum Wandern, Laufen, Radfahren oder E-Biken ein. Ob gem\u00fctlich oder herausfordernd: Abwechslungsreiche Touren gibt es f\u00fcr alle Anspr\u00fcche &#8211; alles direkt vor der Haust\u00fcre. Falls Ihr Herz f\u00fcr das Golfen schl\u00e4gt, so erreichen Sie die Golfanlage \u201eSchloss Frauental\u201c in nur 10 Minuten Autofahrt. Ob Skifahren, Langlaufen, Eislaufen, Schneeschuhwandern oder Eisstockschie\u00dfen, auch in den Wintermonaten bietet die Region zahlreiche M\u00f6glichkeiten frische Luft zu tanken und die Landschaft zu genie\u00dfen.<\/p>\n<\/div><\/div><\/div><\/div><\/div><\/p>\n","protected":false},"excerpt":{"rendered":"","protected":false},"author":1,"featured_media":0,"parent":0,"menu_order":0,"comment_status":"closed","ping_status":"closed","template":"100-width.php","meta":{"footnotes":""},"class_list":["post-443","page","type-page","status-publish","hentry"],"_links":{"self":[{"href":"https:\/\/www.greim15.at\/g15-2024a\/wp-json\/wp\/v2\/pages\/443","targetHints":{"allow":["GET"]}}],"collection":[{"href":"https:\/\/www.greim15.at\/g15-2024a\/wp-json\/wp\/v2\/pages"}],"about":[{"href":"https:\/\/www.greim15.at\/g15-2024a\/wp-json\/wp\/v2\/types\/page"}],"author":[{"embeddable":true,"href":"https:\/\/www.greim15.at\/g15-2024a\/wp-json\/wp\/v2\/users\/1"}],"replies":[{"embeddable":true,"href":"https:\/\/www.greim15.at\/g15-2024a\/wp-json\/wp\/v2\/comments?post=443"}],"version-history":[{"count":9,"href":"https:\/\/www.greim15.at\/g15-2024a\/wp-json\/wp\/v2\/pages\/443\/revisions"}],"predecessor-version":[{"id":958,"href":"https:\/\/www.greim15.at\/g15-2024a\/wp-json\/wp\/v2\/pages\/443\/revisions\/958"}],"wp:attachment":[{"href":"https:\/\/www.greim15.at\/g15-2024a\/wp-json\/wp\/v2\/media?parent=443"}],"curies":[{"name":"wp","href":"https:\/\/api.w.org\/{rel}","templated":true}]}}